{"id":590,"date":"2021-03-15T21:05:00","date_gmt":"2021-03-15T20:05:00","guid":{"rendered":"http:\/\/www.sr-campingcar.fr\/?page_id=590"},"modified":"2021-04-25T17:58:18","modified_gmt":"2021-04-25T15:58:18","slug":"verins-nivellement","status":"publish","type":"page","link":"https:\/\/www.sr-campingcar.fr\/index.php\/verins-nivellement\/","title":{"rendered":"V\u00e9rins nivellement"},"content":{"rendered":"\n<figure class=\"wp-block-image size-large is-resized\"><img loading=\"lazy\" src=\"https:\/\/www.sr-campingcar.fr\/wp-content\/uploads\/2021\/03\/diapo-page-verins.jpg\" alt=\"\" class=\"wp-image-647\" width=\"1074\" height=\"133\" srcset=\"https:\/\/www.sr-campingcar.fr\/wp-content\/uploads\/2021\/03\/diapo-page-verins.jpg 2000w, https:\/\/www.sr-campingcar.fr\/wp-content\/uploads\/2021\/03\/diapo-page-verins-300x37.jpg 300w, https:\/\/www.sr-campingcar.fr\/wp-content\/uploads\/2021\/03\/diapo-page-verins-768x96.jpg 768w, https:\/\/www.sr-campingcar.fr\/wp-content\/uploads\/2021\/03\/diapo-page-verins-1536x191.jpg 1536w\" sizes=\"(max-width: 1074px) 100vw, 1074px\" \/><\/figure>\n\n\n\n<div class=\"wp-block-columns\">\n<div class=\"wp-block-column\">\n<div style=\"height:100px\" aria-hidden=\"true\" class=\"wp-block-spacer\"><\/div>\n\n\n\n<div class=\"wp-block-image\"><figure class=\"aligncenter size-large\"><img loading=\"lazy\" width=\"350\" height=\"350\" src=\"https:\/\/www.sr-campingcar.fr\/wp-content\/uploads\/2021\/03\/proto-kit-cal4uze-2021-350x350-1.jpg\" alt=\"\" class=\"wp-image-650\" srcset=\"https:\/\/www.sr-campingcar.fr\/wp-content\/uploads\/2021\/03\/proto-kit-cal4uze-2021-350x350-1.jpg 350w, https:\/\/www.sr-campingcar.fr\/wp-content\/uploads\/2021\/03\/proto-kit-cal4uze-2021-350x350-1-300x300.jpg 300w, https:\/\/www.sr-campingcar.fr\/wp-content\/uploads\/2021\/03\/proto-kit-cal4uze-2021-350x350-1-150x150.jpg 150w\" sizes=\"(max-width: 350px) 100vw, 350px\" \/><\/figure><\/div>\n\n\n\n<div class=\"wp-block-image\"><figure class=\"aligncenter size-large\"><img loading=\"lazy\" width=\"366\" height=\"432\" src=\"https:\/\/www.sr-campingcar.fr\/wp-content\/uploads\/2021\/03\/plaquette-cal4uze-1.jpg\" alt=\"\" class=\"wp-image-652\" srcset=\"https:\/\/www.sr-campingcar.fr\/wp-content\/uploads\/2021\/03\/plaquette-cal4uze-1.jpg 366w, https:\/\/www.sr-campingcar.fr\/wp-content\/uploads\/2021\/03\/plaquette-cal4uze-1-254x300.jpg 254w\" sizes=\"(max-width: 366px) 100vw, 366px\" \/><\/figure><\/div>\n<\/div>\n\n\n\n<div class=\"wp-block-column\">\n<p style=\"font-size:34px\"><strong>Envie de stabilit\u00e9 ?<\/strong><\/p>\n\n\n\n<p>Le <strong>4J200 stabilise les v\u00e9hicules<\/strong> \u00e0 habitation mobile sur quasiment <strong>tous types de terrain<\/strong> gr\u00e2ce \u00e0 ses semelles de <strong>230mm de diam\u00e8tre<\/strong> avec anti-effet ventouse et un syst\u00e8me totalement innovant de rotule d&rsquo;inclinaison allant <strong>jusqu&rsquo;\u00e0 36% de pente<\/strong> !<\/p>\n\n\n\n<p>Le <strong>4J200 de la marque CAL4UZE<\/strong> est con\u00e7u et d\u00e9velopp\u00e9 en France. Il fait l&rsquo;objet de plusieurs brevets \u00e0 l&rsquo;international. Le 4J200 est le seul syst\u00e8me de nivellement automatique et manuel au monde. Ultra compact, l\u00e9ger, intuitif et ergonomique.<\/p>\n\n\n\n<p><strong>Le 4J200 est adapt\u00e9 \u00e0 une charge maximum de 7,5T .<\/strong><\/p>\n\n\n\n<p>Chaque v\u00e9rin est totalement autonome, il comprend son propre r\u00e9servoir d&rsquo;hydraulique et sa propre pompe, le tout dans un environnement prot\u00e9g\u00e9 et <strong>sans entretien<\/strong>.<\/p>\n\n\n\n<p>L&rsquo;ensemble est directement dirig\u00e9 par une <strong>t\u00e9l\u00e9commande sans fil <\/strong>avec leds intuitives ou <strong>avec votre t\u00e9l\u00e9phone<\/strong> gr\u00e2ce \u00e0 une application.<\/p>\n\n\n\n<div class=\"wp-block-columns\">\n<div class=\"wp-block-column\">\n<figure class=\"wp-block-image size-large\"><img loading=\"lazy\" width=\"125\" height=\"251\" src=\"https:\/\/www.sr-campingcar.fr\/wp-content\/uploads\/2021\/03\/telecommande.jpg\" alt=\"\" class=\"wp-image-656\"\/><\/figure>\n<\/div>\n\n\n\n<div class=\"wp-block-column\">\n<figure class=\"wp-block-image size-large is-resized\"><img loading=\"lazy\" src=\"https:\/\/www.sr-campingcar.fr\/wp-content\/uploads\/2021\/03\/Telecommande-CAL4UZE.jpg\" alt=\"\" class=\"wp-image-657\" width=\"211\" height=\"236\" srcset=\"https:\/\/www.sr-campingcar.fr\/wp-content\/uploads\/2021\/03\/Telecommande-CAL4UZE.jpg 760w, https:\/\/www.sr-campingcar.fr\/wp-content\/uploads\/2021\/03\/Telecommande-CAL4UZE-268x300.jpg 268w\" sizes=\"(max-width: 211px) 100vw, 211px\" \/><\/figure>\n<\/div>\n<\/div>\n<\/div>\n<\/div>\n\n\n\n<div class=\"wp-block-group\"><div class=\"wp-block-group__inner-container\">\n<div class=\"wp-block-columns\">\n<div class=\"wp-block-column\" style=\"flex-basis:100%\">\n<div class=\"wp-block-group\"><div class=\"wp-block-group__inner-container\">\n<div class=\"wp-block-columns\">\n<div class=\"wp-block-column\" style=\"flex-basis:100%\">\n<div class=\"wp-block-columns\">\n<div class=\"wp-block-column\">\n<p class=\"has-text-align-center\" style=\"font-size:27px\"><strong>Plus d&rsquo;infos sur CAL4UZE :<\/strong><\/p>\n\n\n\n<p class=\"has-text-align-center\" style=\"font-size:29px\"><strong>www.cal4uze.fr<\/strong><\/p>\n\n\n\n<div class=\"wp-block-file\"><a href=\"https:\/\/www.sr-campingcar.fr\/wp-content\/uploads\/2021\/03\/Plaquette_SASCAL4UZE_2021_3.pdf\">Plaquette pr\u00e9sentation<\/a><a href=\"https:\/\/www.sr-campingcar.fr\/wp-content\/uploads\/2021\/03\/Plaquette_SASCAL4UZE_2021_3.pdf\" class=\"wp-block-file__button\" download>T\u00e9l\u00e9charger<\/a><\/div>\n<\/div>\n<\/div>\n<\/div>\n<\/div>\n<\/div><\/div>\n<\/div>\n<\/div>\n<\/div><\/div>\n","protected":false},"excerpt":{"rendered":"<p>Envie de stabilit\u00e9 ? Le 4J200 stabilise les v\u00e9hicules \u00e0 habitation mobile sur quasiment tous types de terrain gr\u00e2ce \u00e0 ses semelles de 230mm de diam\u00e8tre avec anti-effet ventouse et un syst\u00e8me totalement innovant de rotule d&rsquo;inclinaison allant jusqu&rsquo;\u00e0 36% de pente ! Le 4J200 de la marque CAL4UZE est con\u00e7u et d\u00e9velopp\u00e9 en France. [&hellip;]<\/p>\n","protected":false},"author":1,"featured_media":0,"parent":0,"menu_order":0,"comment_status":"closed","ping_status":"closed","template":"","meta":[],"yoast_head":"<!-- This site is optimized with the Yoast SEO plugin v16.1.1 - https:\/\/yoast.com\/wordpress\/plugins\/seo\/ -->\n<title>V\u00e9rins nivellement &bull; SR camping-car<\/title>\n<link rel=\"canonical\" href=\"https:\/\/www.sr-campingcar.fr\/index.php\/verins-nivellement\/\" \/>\n<meta property=\"og:locale\" content=\"fr_FR\" \/>\n<meta property=\"og:type\" content=\"article\" \/>\n<meta property=\"og:title\" content=\"V\u00e9rins nivellement &bull; SR camping-car\" \/>\n<meta property=\"og:description\" content=\"Envie de stabilit\u00e9 ? Le 4J200 stabilise les v\u00e9hicules \u00e0 habitation mobile sur quasiment tous types de terrain gr\u00e2ce \u00e0 ses semelles de 230mm de diam\u00e8tre avec anti-effet ventouse et un syst\u00e8me totalement innovant de rotule d&rsquo;inclinaison allant jusqu&rsquo;\u00e0 36% de pente ! Le 4J200 de la marque CAL4UZE est con\u00e7u et d\u00e9velopp\u00e9 en France. [&hellip;]\" \/>\n<meta property=\"og:url\" content=\"https:\/\/www.sr-campingcar.fr\/index.php\/verins-nivellement\/\" \/>\n<meta property=\"og:site_name\" content=\"SR camping-car\" \/>\n<meta property=\"article:publisher\" content=\"https:\/\/www.facebook.com\/SRCAMPINGCAR\" \/>\n<meta property=\"article:modified_time\" content=\"2021-04-25T15:58:18+00:00\" \/>\n<meta property=\"og:image\" content=\"http:\/\/www.sr-campingcar.fr\/wp-content\/uploads\/2021\/03\/diapo-page-verins.jpg\" \/>\n<meta name=\"twitter:card\" content=\"summary_large_image\" \/>\n<meta name=\"twitter:label1\" content=\"Dur\u00e9e de lecture est.\">\n\t<meta name=\"twitter:data1\" content=\"2 minutes\">\n<script type=\"application\/ld+json\" class=\"yoast-schema-graph\">{\"@context\":\"https:\/\/schema.org\",\"@graph\":[{\"@type\":\"Organization\",\"@id\":\"https:\/\/www.sr-campingcar.fr\/#organization\",\"name\":\"SR Camping-car\",\"url\":\"https:\/\/www.sr-campingcar.fr\/\",\"sameAs\":[\"https:\/\/www.facebook.com\/SRCAMPINGCAR\"],\"logo\":{\"@type\":\"ImageObject\",\"@id\":\"https:\/\/www.sr-campingcar.fr\/#logo\",\"inLanguage\":\"fr-FR\",\"url\":\"http:\/\/www.sr-campingcar.fr\/wp-content\/uploads\/2021\/03\/cropped-LOGO-SITE-1.png\",\"contentUrl\":\"http:\/\/www.sr-campingcar.fr\/wp-content\/uploads\/2021\/03\/cropped-LOGO-SITE-1.png\",\"width\":266,\"height\":91,\"caption\":\"SR Camping-car\"},\"image\":{\"@id\":\"https:\/\/www.sr-campingcar.fr\/#logo\"}},{\"@type\":\"WebSite\",\"@id\":\"https:\/\/www.sr-campingcar.fr\/#website\",\"url\":\"https:\/\/www.sr-campingcar.fr\/\",\"name\":\"SR CAMPING-CAR\",\"description\":\"Entretien, d\\u00e9pannage et accessoires pour camping-car, fourgons, caravanes, vans,...\",\"publisher\":{\"@id\":\"https:\/\/www.sr-campingcar.fr\/#organization\"},\"potentialAction\":[{\"@type\":\"SearchAction\",\"target\":\"https:\/\/www.sr-campingcar.fr\/?s={search_term_string}\",\"query-input\":\"required name=search_term_string\"}],\"inLanguage\":\"fr-FR\"},{\"@type\":\"ImageObject\",\"@id\":\"https:\/\/www.sr-campingcar.fr\/index.php\/verins-nivellement\/#primaryimage\",\"inLanguage\":\"fr-FR\",\"url\":\"http:\/\/www.sr-campingcar.fr\/wp-content\/uploads\/2021\/03\/diapo-page-verins.jpg\",\"contentUrl\":\"http:\/\/www.sr-campingcar.fr\/wp-content\/uploads\/2021\/03\/diapo-page-verins.jpg\"},{\"@type\":\"WebPage\",\"@id\":\"https:\/\/www.sr-campingcar.fr\/index.php\/verins-nivellement\/#webpage\",\"url\":\"https:\/\/www.sr-campingcar.fr\/index.php\/verins-nivellement\/\",\"name\":\"V\\u00e9rins nivellement &bull; SR camping-car\",\"isPartOf\":{\"@id\":\"https:\/\/www.sr-campingcar.fr\/#website\"},\"primaryImageOfPage\":{\"@id\":\"https:\/\/www.sr-campingcar.fr\/index.php\/verins-nivellement\/#primaryimage\"},\"datePublished\":\"2021-03-15T20:05:00+00:00\",\"dateModified\":\"2021-04-25T15:58:18+00:00\",\"breadcrumb\":{\"@id\":\"https:\/\/www.sr-campingcar.fr\/index.php\/verins-nivellement\/#breadcrumb\"},\"inLanguage\":\"fr-FR\",\"potentialAction\":[{\"@type\":\"ReadAction\",\"target\":[\"https:\/\/www.sr-campingcar.fr\/index.php\/verins-nivellement\/\"]}]},{\"@type\":\"BreadcrumbList\",\"@id\":\"https:\/\/www.sr-campingcar.fr\/index.php\/verins-nivellement\/#breadcrumb\",\"itemListElement\":[{\"@type\":\"ListItem\",\"position\":1,\"item\":{\"@type\":\"WebPage\",\"@id\":\"https:\/\/www.sr-campingcar.fr\/\",\"url\":\"https:\/\/www.sr-campingcar.fr\/\",\"name\":\"Accueil\"}},{\"@type\":\"ListItem\",\"position\":2,\"item\":{\"@type\":\"WebPage\",\"@id\":\"https:\/\/www.sr-campingcar.fr\/index.php\/verins-nivellement\/\",\"url\":\"https:\/\/www.sr-campingcar.fr\/index.php\/verins-nivellement\/\",\"name\":\"V\\u00e9rins nivellement\"}}]}]}<\/script>\n<!-- \/ Yoast SEO plugin. -->","_links":{"self":[{"href":"https:\/\/www.sr-campingcar.fr\/index.php\/wp-json\/wp\/v2\/pages\/590"}],"collection":[{"href":"https:\/\/www.sr-campingcar.fr\/index.php\/wp-json\/wp\/v2\/pages"}],"about":[{"href":"https:\/\/www.sr-campingcar.fr\/index.php\/wp-json\/wp\/v2\/types\/page"}],"author":[{"embeddable":true,"href":"https:\/\/www.sr-campingcar.fr\/index.php\/wp-json\/wp\/v2\/users\/1"}],"replies":[{"embeddable":true,"href":"https:\/\/www.sr-campingcar.fr\/index.php\/wp-json\/wp\/v2\/comments?post=590"}],"version-history":[{"count":13,"href":"https:\/\/www.sr-campingcar.fr\/index.php\/wp-json\/wp\/v2\/pages\/590\/revisions"}],"predecessor-version":[{"id":671,"href":"https:\/\/www.sr-campingcar.fr\/index.php\/wp-json\/wp\/v2\/pages\/590\/revisions\/671"}],"wp:attachment":[{"href":"https:\/\/www.sr-campingcar.fr\/index.php\/wp-json\/wp\/v2\/media?parent=590"}],"curies":[{"name":"wp","href":"https:\/\/api.w.org\/{rel}","templated":true}]}}