{"id":233,"date":"2021-02-17T21:36:25","date_gmt":"2021-02-17T20:36:25","guid":{"rendered":"http:\/\/www.sr-campingcar.fr\/?page_id=233"},"modified":"2021-03-26T22:07:31","modified_gmt":"2021-03-26T21:07:31","slug":"tarifs","status":"publish","type":"page","link":"https:\/\/www.sr-campingcar.fr\/index.php\/tarifs\/","title":{"rendered":"Tarifs"},"content":{"rendered":"\n<figure class=\"wp-block-image size-large\"><img loading=\"lazy\" width=\"2000\" height=\"249\" src=\"https:\/\/www.sr-campingcar.fr\/wp-content\/uploads\/2021\/03\/diapo-page-tarifs-TITRE.png\" alt=\"\" class=\"wp-image-516\" srcset=\"https:\/\/www.sr-campingcar.fr\/wp-content\/uploads\/2021\/03\/diapo-page-tarifs-TITRE.png 2000w, https:\/\/www.sr-campingcar.fr\/wp-content\/uploads\/2021\/03\/diapo-page-tarifs-TITRE-300x37.png 300w, https:\/\/www.sr-campingcar.fr\/wp-content\/uploads\/2021\/03\/diapo-page-tarifs-TITRE-768x96.png 768w, https:\/\/www.sr-campingcar.fr\/wp-content\/uploads\/2021\/03\/diapo-page-tarifs-TITRE-1536x191.png 1536w\" sizes=\"(max-width: 2000px) 100vw, 2000px\" \/><\/figure>\n\n\n\n<p><\/p>\n\n\n\n<p class=\"has-text-align-center has-text-color\" style=\"color:#149c9d;font-size:23px\"><strong>Taux horaire de main d&rsquo;oeuvre TTC : 55 \u20ac<\/strong><\/p>\n\n\n\n<p class=\"has-text-align-center\">Toutes les prestations et la vente d&rsquo;accessoires ne sont pas soumis \u00e0 la TVA, art.293B du CGI<\/p>\n\n\n\n<p class=\"has-text-align-center\">Forfaits pose d&rsquo;accessoires et toit relevable comp\u00e9titifs<\/p>\n\n\n\n<p class=\"has-medium-font-size\"><strong>FORFAIT DEPLACEMENT<\/strong><\/p>\n\n\n\n<figure class=\"wp-block-table\"><table><tbody><tr><td><strong>Dans un rayon de 15km<\/strong><\/td><td class=\"has-text-align-center\" data-align=\"center\">offert<\/td><\/tr><tr><td><strong>De 15 \u00e0 30km<\/strong><\/td><td class=\"has-text-align-center\" data-align=\"center\">15\u20ac<\/td><\/tr><tr><td><strong>De 30 \u00e0 60km<\/strong><\/td><td class=\"has-text-align-center\" data-align=\"center\">30\u20ac<\/td><\/tr><\/tbody><\/table><\/figure>\n\n\n\n<p class=\"has-text-align-center has-text-color\" style=\"color:#149c9d;font-size:24px\"><strong>DEVIS GRATUIT<\/strong><\/p>\n\n\n\n<div class=\"wp-block-buttons\">\n<div class=\"wp-block-button\"><a class=\"wp-block-button__link\"><\/a><\/div>\n<\/div>\n","protected":false},"excerpt":{"rendered":"<p>Taux horaire de main d&rsquo;oeuvre TTC : 55 \u20ac Toutes les prestations et la vente d&rsquo;accessoires ne sont pas soumis \u00e0 la TVA, art.293B du CGI Forfaits pose d&rsquo;accessoires et toit relevable comp\u00e9titifs FORFAIT DEPLACEMENT Dans un rayon de 15km offert De 15 \u00e0 30km 15\u20ac De 30 \u00e0 60km 30\u20ac DEVIS GRATUIT<\/p>\n","protected":false},"author":1,"featured_media":0,"parent":0,"menu_order":0,"comment_status":"closed","ping_status":"closed","template":"","meta":[],"yoast_head":"<!-- This site is optimized with the Yoast SEO plugin v16.1.1 - https:\/\/yoast.com\/wordpress\/plugins\/seo\/ -->\n<title>Tarifs &bull; SR camping-car<\/title>\n<link rel=\"canonical\" href=\"https:\/\/www.sr-campingcar.fr\/index.php\/tarifs\/\" \/>\n<meta property=\"og:locale\" content=\"fr_FR\" \/>\n<meta property=\"og:type\" content=\"article\" \/>\n<meta property=\"og:title\" content=\"Tarifs &bull; SR camping-car\" \/>\n<meta property=\"og:description\" content=\"Taux horaire de main d&rsquo;oeuvre TTC : 55 \u20ac Toutes les prestations et la vente d&rsquo;accessoires ne sont pas soumis \u00e0 la TVA, art.293B du CGI Forfaits pose d&rsquo;accessoires et toit relevable comp\u00e9titifs FORFAIT DEPLACEMENT Dans un rayon de 15km offert De 15 \u00e0 30km 15\u20ac De 30 \u00e0 60km 30\u20ac DEVIS GRATUIT\" \/>\n<meta property=\"og:url\" content=\"https:\/\/www.sr-campingcar.fr\/index.php\/tarifs\/\" \/>\n<meta property=\"og:site_name\" content=\"SR camping-car\" \/>\n<meta property=\"article:publisher\" content=\"https:\/\/www.facebook.com\/SRCAMPINGCAR\" \/>\n<meta property=\"article:modified_time\" content=\"2021-03-26T21:07:31+00:00\" \/>\n<meta property=\"og:image\" content=\"http:\/\/www.sr-campingcar.fr\/wp-content\/uploads\/2021\/03\/diapo-page-tarifs-TITRE.png\" \/>\n<meta name=\"twitter:card\" content=\"summary_large_image\" \/>\n<script type=\"application\/ld+json\" class=\"yoast-schema-graph\">{\"@context\":\"https:\/\/schema.org\",\"@graph\":[{\"@type\":\"Organization\",\"@id\":\"https:\/\/www.sr-campingcar.fr\/#organization\",\"name\":\"SR Camping-car\",\"url\":\"https:\/\/www.sr-campingcar.fr\/\",\"sameAs\":[\"https:\/\/www.facebook.com\/SRCAMPINGCAR\"],\"logo\":{\"@type\":\"ImageObject\",\"@id\":\"https:\/\/www.sr-campingcar.fr\/#logo\",\"inLanguage\":\"fr-FR\",\"url\":\"http:\/\/www.sr-campingcar.fr\/wp-content\/uploads\/2021\/03\/cropped-LOGO-SITE-1.png\",\"contentUrl\":\"http:\/\/www.sr-campingcar.fr\/wp-content\/uploads\/2021\/03\/cropped-LOGO-SITE-1.png\",\"width\":266,\"height\":91,\"caption\":\"SR Camping-car\"},\"image\":{\"@id\":\"https:\/\/www.sr-campingcar.fr\/#logo\"}},{\"@type\":\"WebSite\",\"@id\":\"https:\/\/www.sr-campingcar.fr\/#website\",\"url\":\"https:\/\/www.sr-campingcar.fr\/\",\"name\":\"SR CAMPING-CAR\",\"description\":\"Entretien, d\\u00e9pannage et accessoires pour camping-car, fourgons, caravanes, vans,...\",\"publisher\":{\"@id\":\"https:\/\/www.sr-campingcar.fr\/#organization\"},\"potentialAction\":[{\"@type\":\"SearchAction\",\"target\":\"https:\/\/www.sr-campingcar.fr\/?s={search_term_string}\",\"query-input\":\"required name=search_term_string\"}],\"inLanguage\":\"fr-FR\"},{\"@type\":\"ImageObject\",\"@id\":\"https:\/\/www.sr-campingcar.fr\/index.php\/tarifs\/#primaryimage\",\"inLanguage\":\"fr-FR\",\"url\":\"http:\/\/www.sr-campingcar.fr\/wp-content\/uploads\/2021\/03\/diapo-page-tarifs-TITRE.png\",\"contentUrl\":\"http:\/\/www.sr-campingcar.fr\/wp-content\/uploads\/2021\/03\/diapo-page-tarifs-TITRE.png\"},{\"@type\":\"WebPage\",\"@id\":\"https:\/\/www.sr-campingcar.fr\/index.php\/tarifs\/#webpage\",\"url\":\"https:\/\/www.sr-campingcar.fr\/index.php\/tarifs\/\",\"name\":\"Tarifs &bull; SR camping-car\",\"isPartOf\":{\"@id\":\"https:\/\/www.sr-campingcar.fr\/#website\"},\"primaryImageOfPage\":{\"@id\":\"https:\/\/www.sr-campingcar.fr\/index.php\/tarifs\/#primaryimage\"},\"datePublished\":\"2021-02-17T20:36:25+00:00\",\"dateModified\":\"2021-03-26T21:07:31+00:00\",\"breadcrumb\":{\"@id\":\"https:\/\/www.sr-campingcar.fr\/index.php\/tarifs\/#breadcrumb\"},\"inLanguage\":\"fr-FR\",\"potentialAction\":[{\"@type\":\"ReadAction\",\"target\":[\"https:\/\/www.sr-campingcar.fr\/index.php\/tarifs\/\"]}]},{\"@type\":\"BreadcrumbList\",\"@id\":\"https:\/\/www.sr-campingcar.fr\/index.php\/tarifs\/#breadcrumb\",\"itemListElement\":[{\"@type\":\"ListItem\",\"position\":1,\"item\":{\"@type\":\"WebPage\",\"@id\":\"https:\/\/www.sr-campingcar.fr\/\",\"url\":\"https:\/\/www.sr-campingcar.fr\/\",\"name\":\"Accueil\"}},{\"@type\":\"ListItem\",\"position\":2,\"item\":{\"@type\":\"WebPage\",\"@id\":\"https:\/\/www.sr-campingcar.fr\/index.php\/tarifs\/\",\"url\":\"https:\/\/www.sr-campingcar.fr\/index.php\/tarifs\/\",\"name\":\"Tarifs\"}}]}]}<\/script>\n<!-- \/ Yoast SEO plugin. -->","_links":{"self":[{"href":"https:\/\/www.sr-campingcar.fr\/index.php\/wp-json\/wp\/v2\/pages\/233"}],"collection":[{"href":"https:\/\/www.sr-campingcar.fr\/index.php\/wp-json\/wp\/v2\/pages"}],"about":[{"href":"https:\/\/www.sr-campingcar.fr\/index.php\/wp-json\/wp\/v2\/types\/page"}],"author":[{"embeddable":true,"href":"https:\/\/www.sr-campingcar.fr\/index.php\/wp-json\/wp\/v2\/users\/1"}],"replies":[{"embeddable":true,"href":"https:\/\/www.sr-campingcar.fr\/index.php\/wp-json\/wp\/v2\/comments?post=233"}],"version-history":[{"count":7,"href":"https:\/\/www.sr-campingcar.fr\/index.php\/wp-json\/wp\/v2\/pages\/233\/revisions"}],"predecessor-version":[{"id":785,"href":"https:\/\/www.sr-campingcar.fr\/index.php\/wp-json\/wp\/v2\/pages\/233\/revisions\/785"}],"wp:attachment":[{"href":"https:\/\/www.sr-campingcar.fr\/index.php\/wp-json\/wp\/v2\/media?parent=233"}],"curies":[{"name":"wp","href":"https:\/\/api.w.org\/{rel}","templated":true}]}}